{"id":12,"date":"2017-11-08T11:36:53","date_gmt":"2017-11-08T11:36:53","guid":{"rendered":"http:\/\/elbistandiyaliz.com\/?page_id=12"},"modified":"2018-03-21T10:34:10","modified_gmt":"2018-03-21T10:34:10","slug":"ulasim-haritasi","status":"publish","type":"page","link":"http:\/\/elbistandiyaliz.com\/?page_id=12","title":{"rendered":"ULA\u015eIM HAR\u0130TASI"},"content":{"rendered":"<p><iframe loading=\"lazy\" style=\"border: 0;\" src=\"https:\/\/www.google.com\/maps\/embed?pb=!1m18!1m12!1m3!1d4433.842006101785!2d37.18479886552706!3d38.205258953215534!2m3!1f0!2f0!3f0!3m2!1i1024!2i768!4f13.1!3m3!1m2!1s0x0%3A0x918d0a83acba602f!2sUlvi+%C3%96zsoy+Diyaliz+Merkezi!5e0!3m2!1str!2str!4v1510154468623\" width=\"500\" height=\"400\" frameborder=\"0\" allowfullscreen=\"allowfullscreen\"><\/iframe><\/p>\n<p>G\u00fcne\u015fli Mahallesi<br \/>\nBinali Y\u0131ld\u0131r\u0131m Bulvar\u0131 No:2<br \/>\nElbistan \/ KAHRAMANMARA\u015e<\/p>\n","protected":false},"excerpt":{"rendered":"<p>G\u00fcne\u015fli Mahallesi Binali Y\u0131ld\u0131r\u0131m Bulvar\u0131 No:2 Elbistan \/ KAHRAMANMARA\u015e<\/p>\n","protected":false},"author":2,"featured_media":0,"parent":0,"menu_order":0,"comment_status":"closed","ping_status":"closed","template":"","meta":{"footnotes":""},"class_list":["post-12","page","type-page","status-publish","hentry"],"_links":{"self":[{"href":"http:\/\/elbistandiyaliz.com\/index.php?rest_route=\/wp\/v2\/pages\/12","targetHints":{"allow":["GET"]}}],"collection":[{"href":"http:\/\/elbistandiyaliz.com\/index.php?rest_route=\/wp\/v2\/pages"}],"about":[{"href":"http:\/\/elbistandiyaliz.com\/index.php?rest_route=\/wp\/v2\/types\/page"}],"author":[{"embeddable":true,"href":"http:\/\/elbistandiyaliz.com\/index.php?rest_route=\/wp\/v2\/users\/2"}],"replies":[{"embeddable":true,"href":"http:\/\/elbistandiyaliz.com\/index.php?rest_route=%2Fwp%2Fv2%2Fcomments&post=12"}],"version-history":[{"count":4,"href":"http:\/\/elbistandiyaliz.com\/index.php?rest_route=\/wp\/v2\/pages\/12\/revisions"}],"predecessor-version":[{"id":88,"href":"http:\/\/elbistandiyaliz.com\/index.php?rest_route=\/wp\/v2\/pages\/12\/revisions\/88"}],"wp:attachment":[{"href":"http:\/\/elbistandiyaliz.com\/index.php?rest_route=%2Fwp%2Fv2%2Fmedia&parent=12"}],"curies":[{"name":"wp","href":"https:\/\/api.w.org\/{rel}","templated":true}]}}