{"id":14,"date":"2017-11-08T11:37:01","date_gmt":"2017-11-08T11:37:01","guid":{"rendered":"http:\/\/elbistandiyaliz.com\/?page_id=14"},"modified":"2025-04-17T11:12:46","modified_gmt":"2025-04-17T11:12:46","slug":"iletisim-bilgileri","status":"publish","type":"page","link":"http:\/\/elbistandiyaliz.com\/?page_id=14","title":{"rendered":"\u0130LET\u0130\u015e\u0130M B\u0130LG\u0130LER\u0130"},"content":{"rendered":"<p><img loading=\"lazy\" decoding=\"async\" class=\" wp-image-70 aligncenter\" src=\"http:\/\/elbistandiyaliz.com\/wp-content\/uploads\/2017\/11\/Clip-300x184.jpg\" alt=\"\" width=\"329\" height=\"202\" srcset=\"http:\/\/elbistandiyaliz.com\/wp-content\/uploads\/2017\/11\/Clip-300x184.jpg 300w, http:\/\/elbistandiyaliz.com\/wp-content\/uploads\/2017\/11\/Clip.jpg 604w\" sizes=\"auto, (max-width: 329px) 100vw, 329px\" \/><\/p>\n<p style=\"text-align: center;\">\u00d6zel Ulvi \u00d6zsoy Elbistan Diyaliz Merkezi, Elbistan il\u00e7esinin \u015fehir merkezinde, kolay ula\u015f\u0131labilir bir noktadad\u0131r\u2026<\/p>\n<p style=\"text-align: left;\"><strong>Telefon-1:<\/strong> +(90) 344 412 06 56<strong>\u00a0 \u00a0 Telefon-2 : <\/strong>+(90) 507 931 06 56<\/p>\n<p style=\"text-align: left;\"><strong>Email 1 : <\/strong>ulviozsoydiyaliz@hotmail.com\u00a0 \u00a0 \u00a0 \u00a0 \u00a0 \u00a0<\/p>\n<p style=\"text-align: left;\"><strong>Email 2 : <\/strong>info@elbistandiyaliz.com<\/p>\n<p style=\"text-align: left;\"><strong>Adresimiz : <\/strong>G\u00fcne\u015fli Mah. Binali Y\u0131ld\u0131r\u0131m Bulvar\u0131 No:2 Elbistan \/ Kahramanmara\u015f\u00a0 \u00a0 \u00a0 \u00a0 \u00a0 \u00a0 \u00a0<\/p>\n\n\n<div class=\"wpcf7 no-js\" id=\"wpcf7-f184-o1\" lang=\"tr-TR\" dir=\"ltr\" data-wpcf7-id=\"184\">\n<div class=\"screen-reader-response\"><p role=\"status\" aria-live=\"polite\" aria-atomic=\"true\"><\/p> <ul><\/ul><\/div>\n<form action=\"\/index.php?rest_route=%2Fwp%2Fv2%2Fpages%2F14#wpcf7-f184-o1\" method=\"post\" class=\"wpcf7-form init\" aria-label=\"\u0130leti\u015fim Formu\" novalidate=\"novalidate\" data-status=\"init\">\n<fieldset class=\"hidden-fields-container\"><input type=\"hidden\" name=\"_wpcf7\" value=\"184\" \/><input type=\"hidden\" name=\"_wpcf7_version\" value=\"6.1.5\" \/><input type=\"hidden\" name=\"_wpcf7_locale\" value=\"tr_TR\" \/><input type=\"hidden\" name=\"_wpcf7_unit_tag\" value=\"wpcf7-f184-o1\" \/><input type=\"hidden\" name=\"_wpcf7_container_post\" value=\"0\" \/><input type=\"hidden\" name=\"_wpcf7_posted_data_hash\" value=\"\" \/>\n<\/fieldset>\n<p><label> Ad\u0131n\u0131z<br \/>\n<span class=\"wpcf7-form-control-wrap\" data-name=\"your-name\"><input size=\"40\" maxlength=\"400\" class=\"wpcf7-form-control wpcf7-text wpcf7-validates-as-required\" autocomplete=\"name\" aria-required=\"true\" aria-invalid=\"false\" value=\"\" type=\"text\" name=\"your-name\" \/><\/span> <\/label>\n<\/p>\n<p><label> E-posta adresiniz<br \/>\n<span class=\"wpcf7-form-control-wrap\" data-name=\"your-email\"><input size=\"40\" maxlength=\"400\" class=\"wpcf7-form-control wpcf7-email wpcf7-validates-as-required wpcf7-text wpcf7-validates-as-email\" autocomplete=\"email\" aria-required=\"true\" aria-invalid=\"false\" value=\"\" type=\"email\" name=\"your-email\" \/><\/span> <\/label>\n<\/p>\n<p><label> Telefon<br \/>\n<span class=\"wpcf7-form-control-wrap\" data-name=\"tel-727\"><input size=\"40\" maxlength=\"400\" class=\"wpcf7-form-control wpcf7-tel wpcf7-text wpcf7-validates-as-tel\" aria-invalid=\"false\" value=\"\" type=\"tel\" name=\"tel-727\" \/><\/span> <\/label>\n<\/p>\n<p><label> Konu<br \/>\n<span class=\"wpcf7-form-control-wrap\" data-name=\"your-subject\"><input size=\"40\" maxlength=\"400\" class=\"wpcf7-form-control wpcf7-text wpcf7-validates-as-required\" aria-required=\"true\" aria-invalid=\"false\" value=\"\" type=\"text\" name=\"your-subject\" \/><\/span> <\/label>\n<\/p>\n<p><label> \u0130letiniz<br \/>\n<span class=\"wpcf7-form-control-wrap\" data-name=\"your-message\"><textarea cols=\"40\" rows=\"10\" maxlength=\"2000\" class=\"wpcf7-form-control wpcf7-textarea\" aria-invalid=\"false\" name=\"your-message\"><\/textarea><\/span> <\/label>\n<\/p>\n<p><input class=\"wpcf7-form-control wpcf7-submit has-spinner\" type=\"submit\" value=\"G\u00f6nder\" \/>\n<\/p><div class=\"wpcf7-response-output\" aria-hidden=\"true\"><\/div>\n<\/form>\n<\/div>\n\n","protected":false},"excerpt":{"rendered":"<p>\u00d6zel Ulvi \u00d6zsoy Elbistan Diyaliz Merkezi, Elbistan il\u00e7esinin \u015fehir merkezinde, kolay ula\u015f\u0131labilir bir noktadad\u0131r\u2026 Telefon-1: +(90) 344 412 06 56\u00a0 \u00a0 Telefon-2 : +(90) 507 931 06 56 Email 1 : ulviozsoydiyaliz@hotmail.com\u00a0 \u00a0 \u00a0 \u00a0 \u00a0 \u00a0 Email 2 : info@elbistandiyaliz.com Adresimiz : G\u00fcne\u015fli Mah. Binali Y\u0131ld\u0131r\u0131m Bulvar\u0131 No:2 Elbistan \/ Kahramanmara\u015f\u00a0 \u00a0 \u00a0 \u00a0 &hellip; <\/p>\n<p class=\"link-more\"><a href=\"http:\/\/elbistandiyaliz.com\/?page_id=14\" class=\"more-link\">Okumaya devam et<span class=\"screen-reader-text\"> &#8220;\u0130LET\u0130\u015e\u0130M B\u0130LG\u0130LER\u0130&#8221;<\/span><\/a><\/p>\n","protected":false},"author":2,"featured_media":0,"parent":0,"menu_order":0,"comment_status":"closed","ping_status":"closed","template":"","meta":{"footnotes":""},"class_list":["post-14","page","type-page","status-publish","hentry"],"_links":{"self":[{"href":"http:\/\/elbistandiyaliz.com\/index.php?rest_route=\/wp\/v2\/pages\/14","targetHints":{"allow":["GET"]}}],"collection":[{"href":"http:\/\/elbistandiyaliz.com\/index.php?rest_route=\/wp\/v2\/pages"}],"about":[{"href":"http:\/\/elbistandiyaliz.com\/index.php?rest_route=\/wp\/v2\/types\/page"}],"author":[{"embeddable":true,"href":"http:\/\/elbistandiyaliz.com\/index.php?rest_route=\/wp\/v2\/users\/2"}],"replies":[{"embeddable":true,"href":"http:\/\/elbistandiyaliz.com\/index.php?rest_route=%2Fwp%2Fv2%2Fcomments&post=14"}],"version-history":[{"count":11,"href":"http:\/\/elbistandiyaliz.com\/index.php?rest_route=\/wp\/v2\/pages\/14\/revisions"}],"predecessor-version":[{"id":212,"href":"http:\/\/elbistandiyaliz.com\/index.php?rest_route=\/wp\/v2\/pages\/14\/revisions\/212"}],"wp:attachment":[{"href":"http:\/\/elbistandiyaliz.com\/index.php?rest_route=%2Fwp%2Fv2%2Fmedia&parent=14"}],"curies":[{"name":"wp","href":"https:\/\/api.w.org\/{rel}","templated":true}]}}