{"id":146,"date":"2019-04-30T13:12:31","date_gmt":"2019-04-30T13:12:31","guid":{"rendered":"http:\/\/elbistandiyaliz.com\/?page_id=146"},"modified":"2021-11-11T12:13:18","modified_gmt":"2021-11-11T12:13:18","slug":"vizyonnn","status":"publish","type":"page","link":"http:\/\/elbistandiyaliz.com\/?page_id=146","title":{"rendered":"Vizyon"},"content":{"rendered":"\n<p>Vizyon \u00c7a\u011fda\u015f bir y\u00f6netim sistemi, t\u0131bbi uygulamalar\u0131 ve teknolojisi ile \u00f6rnek g\u00f6sterilen, toplumun beklentileri ile hastalar\u0131m\u0131z\u0131n t\u00fcm sa\u011fl\u0131k gereksinimlerini kar\u015f\u0131layan ve bu \u00f6zellikleri ile uluslararas\u0131 standartlarda \u00f6ncelikle tercih edilen bir sa\u011fl\u0131k kurulu\u015fu olmakt\u0131r.<\/p>\n","protected":false},"excerpt":{"rendered":"<p>Vizyon \u00c7a\u011fda\u015f bir y\u00f6netim sistemi, t\u0131bbi uygulamalar\u0131 ve teknolojisi ile \u00f6rnek g\u00f6sterilen, toplumun beklentileri ile hastalar\u0131m\u0131z\u0131n t\u00fcm sa\u011fl\u0131k gereksinimlerini kar\u015f\u0131layan ve bu \u00f6zellikleri ile uluslararas\u0131 standartlarda \u00f6ncelikle tercih edilen bir sa\u011fl\u0131k kurulu\u015fu olmakt\u0131r.<\/p>\n","protected":false},"author":2,"featured_media":0,"parent":8,"menu_order":1,"comment_status":"closed","ping_status":"closed","template":"","meta":{"footnotes":""},"class_list":["post-146","page","type-page","status-publish","hentry"],"_links":{"self":[{"href":"http:\/\/elbistandiyaliz.com\/index.php?rest_route=\/wp\/v2\/pages\/146","targetHints":{"allow":["GET"]}}],"collection":[{"href":"http:\/\/elbistandiyaliz.com\/index.php?rest_route=\/wp\/v2\/pages"}],"about":[{"href":"http:\/\/elbistandiyaliz.com\/index.php?rest_route=\/wp\/v2\/types\/page"}],"author":[{"embeddable":true,"href":"http:\/\/elbistandiyaliz.com\/index.php?rest_route=\/wp\/v2\/users\/2"}],"replies":[{"embeddable":true,"href":"http:\/\/elbistandiyaliz.com\/index.php?rest_route=%2Fwp%2Fv2%2Fcomments&post=146"}],"version-history":[{"count":1,"href":"http:\/\/elbistandiyaliz.com\/index.php?rest_route=\/wp\/v2\/pages\/146\/revisions"}],"predecessor-version":[{"id":147,"href":"http:\/\/elbistandiyaliz.com\/index.php?rest_route=\/wp\/v2\/pages\/146\/revisions\/147"}],"up":[{"embeddable":true,"href":"http:\/\/elbistandiyaliz.com\/index.php?rest_route=\/wp\/v2\/pages\/8"}],"wp:attachment":[{"href":"http:\/\/elbistandiyaliz.com\/index.php?rest_route=%2Fwp%2Fv2%2Fmedia&parent=146"}],"curies":[{"name":"wp","href":"https:\/\/api.w.org\/{rel}","templated":true}]}}