{"id":59,"date":"2017-11-08T15:13:57","date_gmt":"2017-11-08T15:13:57","guid":{"rendered":"http:\/\/elbistandiyaliz.com\/?page_id=59"},"modified":"2019-04-30T11:47:07","modified_gmt":"2019-04-30T11:47:07","slug":"kronik-bobrek-yetmezligi","status":"publish","type":"page","link":"http:\/\/elbistandiyaliz.com\/?page_id=59","title":{"rendered":"Kronik B\u00f6brek Yetmezli\u011fi"},"content":{"rendered":"<p>Kronik B\u00f6brek Yetmezli\u011fi<br \/>\nKRON\u0130K B\u00d6BREK YETMEZL\u0130\u011e\u0130 NED\u0130R?<br \/>\nKronik B\u00f6brek Yetmezli\u011fi; b\u00f6breklerin fonksiyonlar\u0131n\u0131 ( i\u015flevini ) yerine getirememesidir.B\u00f6breklerin \u00e7al\u0131\u015fmamas\u0131n\u0131n sonucu olarak v\u00fccutta \u00fcre, kreatinin, fosfor, potasyum gibi zararl\u0131 ve tehlikeli at\u0131k maddeler birikir.Bu at\u0131k maddeler v\u00fccuttaki b\u00fct\u00fcn organlar\u0131n \u00e7al\u0131\u015fmas\u0131n\u0131 k\u00f6t\u00fc y\u00f6nde etkiler.<\/p>\n<p>KRON\u0130K B\u00d6BREK YETMEZL\u0130\u011e\u0130N\u0130N BEL\u0130RT\u0130LER\u0130 NELERD\u0130R?<\/p>\n<p>Kronik B\u00f6brek Yetmezli\u011finin v\u00fccuttaki belirleri;<\/p>\n<p>\u2013 \u00d6dem ( V\u00fccutta \u015fi\u015flikler olu\u015fumu, \u00f6zellikle ayak bile\u011fi ve g\u00f6zde )<br \/>\n\u2013 Y\u00fcksek tansiyon,<br \/>\n\u2013 \u0130\u015ftahs\u0131zl\u0131k,<br \/>\n\u2013 Bulant\u0131,<br \/>\n\u2013 Kusma,<br \/>\n\u2013 Kilo kayb\u0131,<br \/>\n\u2013 A\u011f\u0131z kokusu<br \/>\n\u2013 Konu\u015fma bozuklu\u011fu,<br \/>\n\u2013 Ba\u015f a\u011fr\u0131s\u0131,<br \/>\n\u2013 Sinirlilik \u2013 Yorgunluk \u2013 Solukluk ( Y\u00fcz renginin solmas\u0131 ),<br \/>\n\u2013 Nefes darl\u0131\u011f\u0131<\/p>\n<p>KRON\u0130K B\u00d6BREK YETMEZL\u0130\u011e\u0130N\u0130N NEDENLER\u0130 NELERD\u0130R?<\/p>\n<p>\u2013 \u015eeker hastal\u0131\u011f\u0131 ( en \u00e7ok b\u00f6brek yetmezli\u011fi nedenlerinden biridir ),<br \/>\n\u2013 Y\u00fcksek tansiyon,<br \/>\n\u2013 Kistik b\u00f6brek hastal\u0131klar\u0131,<br \/>\n\u2013 B\u00f6brek yap\u0131s\u0131ndaki bozukluk,<br \/>\n\u2013 Di\u011fer nedenler<\/p>\n","protected":false},"excerpt":{"rendered":"<p>Kronik B\u00f6brek Yetmezli\u011fi KRON\u0130K B\u00d6BREK YETMEZL\u0130\u011e\u0130 NED\u0130R? Kronik B\u00f6brek Yetmezli\u011fi; b\u00f6breklerin fonksiyonlar\u0131n\u0131 ( i\u015flevini ) yerine getirememesidir.B\u00f6breklerin \u00e7al\u0131\u015fmamas\u0131n\u0131n sonucu olarak v\u00fccutta \u00fcre, kreatinin, fosfor, potasyum gibi zararl\u0131 ve tehlikeli at\u0131k maddeler birikir.Bu at\u0131k maddeler v\u00fccuttaki b\u00fct\u00fcn organlar\u0131n \u00e7al\u0131\u015fmas\u0131n\u0131 k\u00f6t\u00fc y\u00f6nde etkiler. KRON\u0130K B\u00d6BREK YETMEZL\u0130\u011e\u0130N\u0130N BEL\u0130RT\u0130LER\u0130 NELERD\u0130R? Kronik B\u00f6brek Yetmezli\u011finin v\u00fccuttaki belirleri; \u2013 \u00d6dem ( V\u00fccutta &hellip; <\/p>\n<p class=\"link-more\"><a href=\"http:\/\/elbistandiyaliz.com\/?page_id=59\" class=\"more-link\">Okumaya devam et<span class=\"screen-reader-text\"> &#8220;Kronik B\u00f6brek Yetmezli\u011fi&#8221;<\/span><\/a><\/p>\n","protected":false},"author":2,"featured_media":0,"parent":57,"menu_order":0,"comment_status":"closed","ping_status":"closed","template":"","meta":{"footnotes":""},"class_list":["post-59","page","type-page","status-publish","hentry"],"_links":{"self":[{"href":"http:\/\/elbistandiyaliz.com\/index.php?rest_route=\/wp\/v2\/pages\/59","targetHints":{"allow":["GET"]}}],"collection":[{"href":"http:\/\/elbistandiyaliz.com\/index.php?rest_route=\/wp\/v2\/pages"}],"about":[{"href":"http:\/\/elbistandiyaliz.com\/index.php?rest_route=\/wp\/v2\/types\/page"}],"author":[{"embeddable":true,"href":"http:\/\/elbistandiyaliz.com\/index.php?rest_route=\/wp\/v2\/users\/2"}],"replies":[{"embeddable":true,"href":"http:\/\/elbistandiyaliz.com\/index.php?rest_route=%2Fwp%2Fv2%2Fcomments&post=59"}],"version-history":[{"count":2,"href":"http:\/\/elbistandiyaliz.com\/index.php?rest_route=\/wp\/v2\/pages\/59\/revisions"}],"predecessor-version":[{"id":61,"href":"http:\/\/elbistandiyaliz.com\/index.php?rest_route=\/wp\/v2\/pages\/59\/revisions\/61"}],"up":[{"embeddable":true,"href":"http:\/\/elbistandiyaliz.com\/index.php?rest_route=\/wp\/v2\/pages\/57"}],"wp:attachment":[{"href":"http:\/\/elbistandiyaliz.com\/index.php?rest_route=%2Fwp%2Fv2%2Fmedia&parent=59"}],"curies":[{"name":"wp","href":"https:\/\/api.w.org\/{rel}","templated":true}]}}